{"id":2646,"date":"2024-11-12T09:29:59","date_gmt":"2024-11-12T08:29:59","guid":{"rendered":"https:\/\/www.bilandergroup.com\/?page_id=2646"},"modified":"2024-11-12T09:31:04","modified_gmt":"2024-11-12T08:31:04","slug":"aktualizacja-systemu","status":"publish","type":"page","link":"https:\/\/www.bilandergroup.com\/en\/aktualizacja-systemu\/","title":{"rendered":"Aktualizacja systemu"},"content":{"rendered":"<style>.kb-row-layout-wrap.wp-block-kadence-rowlayout.kb-row-layout-id2646_16373a-8a{margin-top:var(--global-kb-spacing-xl, 4rem);}.kb-row-layout-id2646_16373a-8a > .kt-row-column-wrap{align-content:start;}:where(.kb-row-layout-id2646_16373a-8a > .kt-row-column-wrap) > .wp-block-kadence-column{justify-content:start;}.kb-row-layout-id2646_16373a-8a > .kt-row-column-wrap{column-gap:var(--global-kb-gap-md, 2rem);row-gap:var(--global-kb-gap-md, 2rem);padding-top:var(--global-kb-spacing-sm, 1.5rem);padding-bottom:var(--global-kb-spacing-sm, 1.5rem);grid-template-columns:repeat(2, minmax(0, 1fr));}.kb-row-layout-id2646_16373a-8a > .kt-row-layout-overlay{opacity:0.30;}@media all and (max-width: 1024px){.kb-row-layout-id2646_16373a-8a > .kt-row-column-wrap{grid-template-columns:repeat(2, minmax(0, 1fr));}}@media all and (max-width: 767px){.kb-row-layout-id2646_16373a-8a > .kt-row-column-wrap{grid-template-columns:minmax(0, 1fr);}}<\/style><div class=\"kb-row-layout-wrap kb-row-layout-id2646_16373a-8a alignnone wp-block-kadence-rowlayout\"><div class=\"kt-row-column-wrap kt-has-2-columns kt-row-layout-equal kt-tab-layout-inherit kt-mobile-layout-row kt-row-valign-top\">\n<style>.kadence-column2646_aa0643-89 > .kt-inside-inner-col{display:flex;}.kadence-column2646_aa0643-89 > .kt-inside-inner-col{min-height:0px;}.kadence-column2646_aa0643-89 > .kt-inside-inner-col,.kadence-column2646_aa0643-89 > .kt-inside-inner-col:before{border-top-left-radius:0px;border-top-right-radius:0px;border-bottom-right-radius:0px;border-bottom-left-radius:0px;}.kadence-column2646_aa0643-89 > .kt-inside-inner-col{column-gap:var(--global-kb-gap-sm, 1rem);}.kadence-column2646_aa0643-89 > .kt-inside-inner-col{flex-direction:column;justify-content:center;}.kadence-column2646_aa0643-89 > .kt-inside-inner-col > .aligncenter{width:100%;}.kt-row-column-wrap > .kadence-column2646_aa0643-89{align-self:center;}.kt-inner-column-height-full:not(.kt-has-1-columns) > .wp-block-kadence-column.kadence-column2646_aa0643-89{align-self:auto;}.kt-inner-column-height-full:not(.kt-has-1-columns) > .wp-block-kadence-column.kadence-column2646_aa0643-89 > .kt-inside-inner-col{flex-direction:column;justify-content:center;}.kadence-column2646_aa0643-89 > .kt-inside-inner-col:before{opacity:0.3;}.kadence-column2646_aa0643-89{position:relative;}@media all and (max-width: 1024px){.kt-row-column-wrap > .kadence-column2646_aa0643-89{align-self:center;}}@media all and (max-width: 1024px){.kt-inner-column-height-full:not(.kt-has-1-columns) > .wp-block-kadence-column.kadence-column2646_aa0643-89{align-self:auto;}}@media all and (max-width: 1024px){.kt-inner-column-height-full:not(.kt-has-1-columns) > .wp-block-kadence-column.kadence-column2646_aa0643-89 > .kt-inside-inner-col{flex-direction:column;justify-content:center;}}@media all and (max-width: 1024px){.kadence-column2646_aa0643-89 > .kt-inside-inner-col{flex-direction:column;justify-content:center;}}@media all and (max-width: 767px){.kt-row-column-wrap > .kadence-column2646_aa0643-89{align-self:center;}.kt-inner-column-height-full:not(.kt-has-1-columns) > .wp-block-kadence-column.kadence-column2646_aa0643-89{align-self:auto;}.kt-inner-column-height-full:not(.kt-has-1-columns) > .wp-block-kadence-column.kadence-column2646_aa0643-89 > .kt-inside-inner-col{flex-direction:column;justify-content:center;}.kadence-column2646_aa0643-89 > .kt-inside-inner-col{flex-direction:column;justify-content:center;}}<\/style>\n<div class=\"wp-block-kadence-column kadence-column2646_aa0643-89\"><div class=\"kt-inside-inner-col\"><style>.kb-image2646_3e241c-56 .kb-image-has-overlay:after{opacity:0.3;border-top-left-radius:10px;border-top-right-radius:10px;border-bottom-right-radius:10px;border-bottom-left-radius:10px;}.kb-image2646_3e241c-56 img.kb-img, .kb-image2646_3e241c-56 .kb-img img{border-top-left-radius:10px;border-top-right-radius:10px;border-bottom-right-radius:10px;border-bottom-left-radius:10px;}<\/style>\n<figure class=\"wp-block-kadence-image kb-image2646_3e241c-56 size-full\"><img loading=\"lazy\" decoding=\"async\" width=\"834\" height=\"376\" src=\"https:\/\/www.bilandergroup.com\/wp-content\/uploads\/2024\/10\/ilustracje-raportowanie_01-planowanie-ilu.webp\" alt=\"\" class=\"kb-img wp-image-2414\" srcset=\"https:\/\/www.bilandergroup.com\/wp-content\/uploads\/2024\/10\/ilustracje-raportowanie_01-planowanie-ilu.webp 834w, https:\/\/www.bilandergroup.com\/wp-content\/uploads\/2024\/10\/ilustracje-raportowanie_01-planowanie-ilu-300x135.webp 300w, https:\/\/www.bilandergroup.com\/wp-content\/uploads\/2024\/10\/ilustracje-raportowanie_01-planowanie-ilu-768x346.webp 768w\" sizes=\"auto, (max-width: 834px) 100vw, 834px\" \/><\/figure>\n<\/div><\/div>\n\n\n<style>.kadence-column2646_788924-dd > .kt-inside-inner-col{display:flex;}.kadence-column2646_788924-dd > .kt-inside-inner-col,.kadence-column2646_788924-dd > .kt-inside-inner-col:before{border-top-left-radius:0px;border-top-right-radius:0px;border-bottom-right-radius:0px;border-bottom-left-radius:0px;}.kadence-column2646_788924-dd > .kt-inside-inner-col{column-gap:var(--global-kb-gap-sm, 1rem);}.kadence-column2646_788924-dd > .kt-inside-inner-col{flex-direction:column;justify-content:center;align-items:flex-start;}.kadence-column2646_788924-dd > .kt-inside-inner-col > .kb-image-is-ratio-size{align-self:stretch;}.kadence-column2646_788924-dd > .kt-inside-inner-col > .wp-block-kadence-advancedgallery{align-self:stretch;}.kadence-column2646_788924-dd > .kt-inside-inner-col > .aligncenter{width:100%;}.kt-row-column-wrap > .kadence-column2646_788924-dd{align-self:center;}.kt-inner-column-height-full:not(.kt-has-1-columns) > .wp-block-kadence-column.kadence-column2646_788924-dd{align-self:auto;}.kt-inner-column-height-full:not(.kt-has-1-columns) > .wp-block-kadence-column.kadence-column2646_788924-dd > .kt-inside-inner-col{flex-direction:column;justify-content:center;}.kadence-column2646_788924-dd > .kt-inside-inner-col:before{opacity:0.3;}.kadence-column2646_788924-dd{position:relative;}@media all and (max-width: 1024px){.kt-row-column-wrap > .kadence-column2646_788924-dd{align-self:center;}}@media all and (max-width: 1024px){.kt-inner-column-height-full:not(.kt-has-1-columns) > .wp-block-kadence-column.kadence-column2646_788924-dd{align-self:auto;}}@media all and (max-width: 1024px){.kt-inner-column-height-full:not(.kt-has-1-columns) > .wp-block-kadence-column.kadence-column2646_788924-dd > .kt-inside-inner-col{flex-direction:column;justify-content:center;}}@media all and (max-width: 1024px){.kadence-column2646_788924-dd > .kt-inside-inner-col{flex-direction:column;justify-content:center;align-items:flex-start;}}@media all and (max-width: 767px){.kt-row-column-wrap > .kadence-column2646_788924-dd{align-self:center;}.kt-inner-column-height-full:not(.kt-has-1-columns) > .wp-block-kadence-column.kadence-column2646_788924-dd{align-self:auto;}.kt-inner-column-height-full:not(.kt-has-1-columns) > .wp-block-kadence-column.kadence-column2646_788924-dd > .kt-inside-inner-col{flex-direction:column;justify-content:center;}.kadence-column2646_788924-dd > .kt-inside-inner-col{flex-direction:column;justify-content:center;align-items:flex-start;}}<\/style>\n<div class=\"wp-block-kadence-column kadence-column2646_788924-dd\"><div class=\"kt-inside-inner-col\">\n<h2 class=\"wp-block-heading\">Prosimy o cierpliwo\u015b\u0107 &#8230;<\/h2>\n\n\n\n<hr class=\"wp-block-separator has-alpha-channel-opacity\" style=\"margin-top:var(--wp--preset--spacing--40);margin-bottom:var(--wp--preset--spacing--40)\"\/>\n\n\n\n<p>Trwaj\u0105 prace techniczne, kt\u00f3re niebawem dobiegn\u0105 ko\u0144ca.<\/p>\n\n\n\n<p>Przepraszamy za utrudnienia i zapraszamy w p\u00f3\u017aniejszych godzinach.<\/p>\n\n\n\n<p>Tymczasem mo\u017cesz odwiedzi\u0107 nasz\u0105 <a href=\"https:\/\/www.bilandergroup.com\/\">stron\u0119 g\u0142\u00f3wn\u0105<\/a>.<\/p>\n\n\n\n<hr class=\"wp-block-separator has-alpha-channel-opacity\" style=\"margin-top:var(--wp--preset--spacing--40);margin-bottom:var(--wp--preset--spacing--40)\"\/>\n\n\n\n<p><strong>Zesp\u00f3\u0142 Bilander Group<\/strong><\/p>\n<\/div><\/div>\n\n<\/div><\/div>\n\n\n<p><\/p>\n","protected":false},"excerpt":{"rendered":"<p>Prosimy o cierpliwo\u015b\u0107 &#8230; Trwaj\u0105 prace techniczne, kt\u00f3re niebawem dobiegn\u0105 ko\u0144ca. Przepraszamy za utrudnienia i zapraszamy w p\u00f3\u017aniejszych godzinach. Tymczasem mo\u017cesz odwiedzi\u0107 nasz\u0105 stron\u0119 g\u0142\u00f3wn\u0105. Zesp\u00f3\u0142 Bilander Group<\/p>\n","protected":false},"author":2,"featured_media":0,"parent":0,"menu_order":0,"comment_status":"closed","ping_status":"closed","template":"","meta":{"_kad_post_transparent":"","_kad_post_title":"","_kad_post_layout":"","_kad_post_sidebar_id":"","_kad_post_content_style":"","_kad_post_vertical_padding":"","_kad_post_feature":"","_kad_post_feature_position":"","_kad_post_header":false,"_kad_post_footer":false,"_kad_post_classname":"","footnotes":""},"class_list":["post-2646","page","type-page","status-publish","hentry"],"yoast_head":"<!-- This site is optimized with the Yoast SEO plugin v27.3 - https:\/\/yoast.com\/product\/yoast-seo-wordpress\/ -->\n<title>Aktualizacja systemu - Bilander Group - data to knowledge<\/title>\n<meta name=\"robots\" content=\"index, follow, max-snippet:-1, max-image-preview:large, max-video-preview:-1\" \/>\n<link rel=\"canonical\" href=\"https:\/\/www.bilandergroup.com\/en\/aktualizacja-systemu\/\" \/>\n<meta property=\"og:locale\" content=\"en_US\" \/>\n<meta property=\"og:locale:alternate\" content=\"pl_PL\" \/>\n<meta property=\"og:type\" content=\"article\" \/>\n<meta property=\"og:title\" content=\"Aktualizacja systemu - Bilander Group - data to knowledge\" \/>\n<meta property=\"og:description\" content=\"Prosimy o cierpliwo\u015b\u0107 &#8230; Trwaj\u0105 prace techniczne, kt\u00f3re niebawem dobiegn\u0105 ko\u0144ca. Przepraszamy za utrudnienia i zapraszamy w p\u00f3\u017aniejszych godzinach. Tymczasem mo\u017cesz odwiedzi\u0107 nasz\u0105 stron\u0119 g\u0142\u00f3wn\u0105. Zesp\u00f3\u0142 Bilander Group\" \/>\n<meta property=\"og:url\" content=\"https:\/\/www.bilandergroup.com\/en\/aktualizacja-systemu\/\" \/>\n<meta property=\"og:site_name\" content=\"Bilander Group - data to knowledge\" \/>\n<meta property=\"article:modified_time\" content=\"2024-11-12T08:31:04+00:00\" \/>\n<meta property=\"og:image\" content=\"https:\/\/www.bilandergroup.com\/wp-content\/uploads\/2024\/10\/ilustracje-raportowanie_01-planowanie-ilu.webp\" \/>\n<meta name=\"twitter:card\" content=\"summary_large_image\" \/>\n<meta name=\"twitter:label1\" content=\"Est. reading time\" \/>\n\t<meta name=\"twitter:data1\" content=\"1 minute\" \/>\n<script type=\"application\/ld+json\" class=\"yoast-schema-graph\">{\"@context\":\"https:\\\/\\\/schema.org\",\"@graph\":[{\"@type\":\"WebPage\",\"@id\":\"https:\\\/\\\/www.bilandergroup.com\\\/pl\\\/aktualizacja-systemu\\\/\",\"url\":\"https:\\\/\\\/www.bilandergroup.com\\\/pl\\\/aktualizacja-systemu\\\/\",\"name\":\"Aktualizacja systemu - Bilander Group - data to knowledge\",\"isPartOf\":{\"@id\":\"https:\\\/\\\/www.bilandergroup.com\\\/#website\"},\"primaryImageOfPage\":{\"@id\":\"https:\\\/\\\/www.bilandergroup.com\\\/pl\\\/aktualizacja-systemu\\\/#primaryimage\"},\"image\":{\"@id\":\"https:\\\/\\\/www.bilandergroup.com\\\/pl\\\/aktualizacja-systemu\\\/#primaryimage\"},\"thumbnailUrl\":\"https:\\\/\\\/www.bilandergroup.com\\\/wp-content\\\/uploads\\\/2024\\\/10\\\/ilustracje-raportowanie_01-planowanie-ilu.webp\",\"datePublished\":\"2024-11-12T08:29:59+00:00\",\"dateModified\":\"2024-11-12T08:31:04+00:00\",\"breadcrumb\":{\"@id\":\"https:\\\/\\\/www.bilandergroup.com\\\/pl\\\/aktualizacja-systemu\\\/#breadcrumb\"},\"inLanguage\":\"en-US\",\"potentialAction\":[{\"@type\":\"ReadAction\",\"target\":[\"https:\\\/\\\/www.bilandergroup.com\\\/pl\\\/aktualizacja-systemu\\\/\"]}]},{\"@type\":\"ImageObject\",\"inLanguage\":\"en-US\",\"@id\":\"https:\\\/\\\/www.bilandergroup.com\\\/pl\\\/aktualizacja-systemu\\\/#primaryimage\",\"url\":\"https:\\\/\\\/www.bilandergroup.com\\\/wp-content\\\/uploads\\\/2024\\\/10\\\/ilustracje-raportowanie_01-planowanie-ilu.webp\",\"contentUrl\":\"https:\\\/\\\/www.bilandergroup.com\\\/wp-content\\\/uploads\\\/2024\\\/10\\\/ilustracje-raportowanie_01-planowanie-ilu.webp\"},{\"@type\":\"BreadcrumbList\",\"@id\":\"https:\\\/\\\/www.bilandergroup.com\\\/pl\\\/aktualizacja-systemu\\\/#breadcrumb\",\"itemListElement\":[{\"@type\":\"ListItem\",\"position\":1,\"name\":\"Home\",\"item\":\"https:\\\/\\\/www.bilandergroup.com\\\/en\\\/\"},{\"@type\":\"ListItem\",\"position\":2,\"name\":\"Aktualizacja systemu\"}]},{\"@type\":\"WebSite\",\"@id\":\"https:\\\/\\\/www.bilandergroup.com\\\/#website\",\"url\":\"https:\\\/\\\/www.bilandergroup.com\\\/\",\"name\":\"Bilander Group - od danych do wiedzy\",\"description\":\"We make your business work as we unlock the potential of data.\",\"publisher\":{\"@id\":\"https:\\\/\\\/www.bilandergroup.com\\\/#organization\"},\"potentialAction\":[{\"@type\":\"SearchAction\",\"target\":{\"@type\":\"EntryPoint\",\"urlTemplate\":\"https:\\\/\\\/www.bilandergroup.com\\\/?s={search_term_string}\"},\"query-input\":{\"@type\":\"PropertyValueSpecification\",\"valueRequired\":true,\"valueName\":\"search_term_string\"}}],\"inLanguage\":\"en-US\"},{\"@type\":\"Organization\",\"@id\":\"https:\\\/\\\/www.bilandergroup.com\\\/#organization\",\"name\":\"Bilander Group - od danych do wiedzy\",\"url\":\"https:\\\/\\\/www.bilandergroup.com\\\/\",\"logo\":{\"@type\":\"ImageObject\",\"inLanguage\":\"en-US\",\"@id\":\"https:\\\/\\\/www.bilandergroup.com\\\/#\\\/schema\\\/logo\\\/image\\\/\",\"url\":\"https:\\\/\\\/www.bilandergroup.com\\\/wp-content\\\/uploads\\\/2024\\\/08\\\/cropped-logo-BILANDER-2021_podstawowa_small.png\",\"contentUrl\":\"https:\\\/\\\/www.bilandergroup.com\\\/wp-content\\\/uploads\\\/2024\\\/08\\\/cropped-logo-BILANDER-2021_podstawowa_small.png\",\"width\":622,\"height\":161,\"caption\":\"Bilander Group - od danych do wiedzy\"},\"image\":{\"@id\":\"https:\\\/\\\/www.bilandergroup.com\\\/#\\\/schema\\\/logo\\\/image\\\/\"}}]}<\/script>\n<!-- \/ Yoast SEO plugin. -->","yoast_head_json":{"title":"Aktualizacja systemu - Bilander Group - data to knowledge","robots":{"index":"index","follow":"follow","max-snippet":"max-snippet:-1","max-image-preview":"max-image-preview:large","max-video-preview":"max-video-preview:-1"},"canonical":"https:\/\/www.bilandergroup.com\/en\/aktualizacja-systemu\/","og_locale":"en_US","og_type":"article","og_title":"Aktualizacja systemu - Bilander Group - data to knowledge","og_description":"Prosimy o cierpliwo\u015b\u0107 &#8230; Trwaj\u0105 prace techniczne, kt\u00f3re niebawem dobiegn\u0105 ko\u0144ca. Przepraszamy za utrudnienia i zapraszamy w p\u00f3\u017aniejszych godzinach. Tymczasem mo\u017cesz odwiedzi\u0107 nasz\u0105 stron\u0119 g\u0142\u00f3wn\u0105. Zesp\u00f3\u0142 Bilander Group","og_url":"https:\/\/www.bilandergroup.com\/en\/aktualizacja-systemu\/","og_site_name":"Bilander Group - data to knowledge","article_modified_time":"2024-11-12T08:31:04+00:00","og_image":[{"url":"https:\/\/www.bilandergroup.com\/wp-content\/uploads\/2024\/10\/ilustracje-raportowanie_01-planowanie-ilu.webp","type":"","width":"","height":""}],"twitter_card":"summary_large_image","twitter_misc":{"Est. reading time":"1 minute"},"schema":{"@context":"https:\/\/schema.org","@graph":[{"@type":"WebPage","@id":"https:\/\/www.bilandergroup.com\/pl\/aktualizacja-systemu\/","url":"https:\/\/www.bilandergroup.com\/pl\/aktualizacja-systemu\/","name":"Aktualizacja systemu - Bilander Group - data to knowledge","isPartOf":{"@id":"https:\/\/www.bilandergroup.com\/#website"},"primaryImageOfPage":{"@id":"https:\/\/www.bilandergroup.com\/pl\/aktualizacja-systemu\/#primaryimage"},"image":{"@id":"https:\/\/www.bilandergroup.com\/pl\/aktualizacja-systemu\/#primaryimage"},"thumbnailUrl":"https:\/\/www.bilandergroup.com\/wp-content\/uploads\/2024\/10\/ilustracje-raportowanie_01-planowanie-ilu.webp","datePublished":"2024-11-12T08:29:59+00:00","dateModified":"2024-11-12T08:31:04+00:00","breadcrumb":{"@id":"https:\/\/www.bilandergroup.com\/pl\/aktualizacja-systemu\/#breadcrumb"},"inLanguage":"en-US","potentialAction":[{"@type":"ReadAction","target":["https:\/\/www.bilandergroup.com\/pl\/aktualizacja-systemu\/"]}]},{"@type":"ImageObject","inLanguage":"en-US","@id":"https:\/\/www.bilandergroup.com\/pl\/aktualizacja-systemu\/#primaryimage","url":"https:\/\/www.bilandergroup.com\/wp-content\/uploads\/2024\/10\/ilustracje-raportowanie_01-planowanie-ilu.webp","contentUrl":"https:\/\/www.bilandergroup.com\/wp-content\/uploads\/2024\/10\/ilustracje-raportowanie_01-planowanie-ilu.webp"},{"@type":"BreadcrumbList","@id":"https:\/\/www.bilandergroup.com\/pl\/aktualizacja-systemu\/#breadcrumb","itemListElement":[{"@type":"ListItem","position":1,"name":"Home","item":"https:\/\/www.bilandergroup.com\/en\/"},{"@type":"ListItem","position":2,"name":"Aktualizacja systemu"}]},{"@type":"WebSite","@id":"https:\/\/www.bilandergroup.com\/#website","url":"https:\/\/www.bilandergroup.com\/","name":"Bilander Group - od danych do wiedzy","description":"We make your business work as we unlock the potential of data.","publisher":{"@id":"https:\/\/www.bilandergroup.com\/#organization"},"potentialAction":[{"@type":"SearchAction","target":{"@type":"EntryPoint","urlTemplate":"https:\/\/www.bilandergroup.com\/?s={search_term_string}"},"query-input":{"@type":"PropertyValueSpecification","valueRequired":true,"valueName":"search_term_string"}}],"inLanguage":"en-US"},{"@type":"Organization","@id":"https:\/\/www.bilandergroup.com\/#organization","name":"Bilander Group - od danych do wiedzy","url":"https:\/\/www.bilandergroup.com\/","logo":{"@type":"ImageObject","inLanguage":"en-US","@id":"https:\/\/www.bilandergroup.com\/#\/schema\/logo\/image\/","url":"https:\/\/www.bilandergroup.com\/wp-content\/uploads\/2024\/08\/cropped-logo-BILANDER-2021_podstawowa_small.png","contentUrl":"https:\/\/www.bilandergroup.com\/wp-content\/uploads\/2024\/08\/cropped-logo-BILANDER-2021_podstawowa_small.png","width":622,"height":161,"caption":"Bilander Group - od danych do wiedzy"},"image":{"@id":"https:\/\/www.bilandergroup.com\/#\/schema\/logo\/image\/"}}]}},"_links":{"self":[{"href":"https:\/\/www.bilandergroup.com\/en\/wp-json\/wp\/v2\/pages\/2646","targetHints":{"allow":["GET"]}}],"collection":[{"href":"https:\/\/www.bilandergroup.com\/en\/wp-json\/wp\/v2\/pages"}],"about":[{"href":"https:\/\/www.bilandergroup.com\/en\/wp-json\/wp\/v2\/types\/page"}],"author":[{"embeddable":true,"href":"https:\/\/www.bilandergroup.com\/en\/wp-json\/wp\/v2\/users\/2"}],"replies":[{"embeddable":true,"href":"https:\/\/www.bilandergroup.com\/en\/wp-json\/wp\/v2\/comments?post=2646"}],"version-history":[{"count":12,"href":"https:\/\/www.bilandergroup.com\/en\/wp-json\/wp\/v2\/pages\/2646\/revisions"}],"predecessor-version":[{"id":2658,"href":"https:\/\/www.bilandergroup.com\/en\/wp-json\/wp\/v2\/pages\/2646\/revisions\/2658"}],"wp:attachment":[{"href":"https:\/\/www.bilandergroup.com\/en\/wp-json\/wp\/v2\/media?parent=2646"}],"curies":[{"name":"wp","href":"https:\/\/api.w.org\/{rel}","templated":true}]}}