{"id":2546,"date":"2024-10-23T20:59:36","date_gmt":"2024-10-23T18:59:36","guid":{"rendered":"https:\/\/www.bilandergroup.com\/?page_id=2546"},"modified":"2024-10-23T20:59:37","modified_gmt":"2024-10-23T18:59:37","slug":"newsletter-thank-you","status":"publish","type":"page","link":"https:\/\/www.bilandergroup.com\/pl\/newsletter-thank-you\/","title":{"rendered":"Potwierdzenie &#8211; newsletter"},"content":{"rendered":"<style>.kb-row-layout-id2546_9f4cdb-57 > .kt-row-column-wrap{align-content:start;}:where(.kb-row-layout-id2546_9f4cdb-57 > .kt-row-column-wrap) > .wp-block-kadence-column{justify-content:start;}.kb-row-layout-id2546_9f4cdb-57 > .kt-row-column-wrap{column-gap:var(--global-kb-gap-md, 2rem);row-gap:var(--global-kb-gap-md, 2rem);max-width:1280px;margin-left:auto;margin-right:auto;padding-top:200px;padding-right:0px;padding-bottom:140px;padding-left:0px;min-height:100vh;grid-template-columns:minmax(0, 1fr);}.kb-row-layout-id2546_9f4cdb-57{background-image:url('https:\/\/www.bilandergroup.com\/wp-content\/uploads\/2024\/08\/tmp-image_header.jpg');background-size:cover;background-position:50% 50%;background-attachment:fixed;background-repeat:no-repeat;}.kb-row-layout-id2546_9f4cdb-57 > .kt-row-layout-overlay{opacity:0.80;background-color:var(--global-palette9, #ffffff);mix-blend-mode:normal;}@media all and (max-width: 1024px), only screen and (min-device-width: 1024px) and (max-device-width: 1366px) and (-webkit-min-device-pixel-ratio: 2) and (hover: none){.kb-row-layout-id2546_9f4cdb-57{background-attachment:scroll;}}@media all and (max-width: 1024px){.kb-row-layout-id2546_9f4cdb-57 > .kt-row-column-wrap{grid-template-columns:minmax(0, 1fr);}}@media all and (max-width: 767px){.kb-row-layout-id2546_9f4cdb-57 > .kt-row-column-wrap{padding-top:120px;padding-right:15px;padding-bottom:60px;padding-left:15px;grid-template-columns:minmax(0, 1fr);}}<\/style><div class=\"kb-row-layout-wrap kb-row-layout-id2546_9f4cdb-57 alignfull kt-row-has-bg wp-block-kadence-rowlayout\"><div class=\"kt-row-layout-overlay kt-row-overlay-normal\"><\/div><div class=\"kt-row-column-wrap kt-has-1-columns kt-row-layout-equal kt-tab-layout-inherit kt-mobile-layout-row kt-row-valign-top kt-inner-column-height-full\">\n<style>.kadence-column2546_18988d-94 > .kt-inside-inner-col{padding-top:10px;padding-right:10px;padding-bottom:10px;padding-left:10px;}.kadence-column2546_18988d-94 > .kt-inside-inner-col,.kadence-column2546_18988d-94 > .kt-inside-inner-col:before{border-top-left-radius:0px;border-top-right-radius:0px;border-bottom-right-radius:0px;border-bottom-left-radius:0px;}.kadence-column2546_18988d-94 > .kt-inside-inner-col{column-gap:var(--global-kb-gap-sm, 1rem);}.kadence-column2546_18988d-94 > .kt-inside-inner-col{flex-direction:column;}.kadence-column2546_18988d-94 > .kt-inside-inner-col > .aligncenter{width:100%;}.kadence-column2546_18988d-94 > .kt-inside-inner-col:before{opacity:0.3;}.kadence-column2546_18988d-94{position:relative;}@media all and (max-width: 1024px){.kadence-column2546_18988d-94 > .kt-inside-inner-col{flex-direction:column;justify-content:center;}}@media all and (max-width: 767px){.kadence-column2546_18988d-94 > .kt-inside-inner-col{flex-direction:column;justify-content:center;}}<\/style>\n<div class=\"wp-block-kadence-column kadence-column2546_18988d-94 inner-column-1\"><div class=\"kt-inside-inner-col\">\n<h2 class=\"wp-block-heading has-text-align-center\">Dzi\u0119kujemy!<\/h2>\n\n\n\n<h4 class=\"wp-block-heading has-text-align-center has-xl-32-font-size\">Tw\u00f3j email zosta\u0142 dodany do naszej listy.<\/h4>\n\n\n<style>.wp-block-kadence-advancedheading.kt-adv-heading2546_725275-27, .wp-block-kadence-advancedheading.kt-adv-heading2546_725275-27[data-kb-block=\"kb-adv-heading2546_725275-27\"]{margin-bottom:40px;text-align:center;font-style:normal;}.wp-block-kadence-advancedheading.kt-adv-heading2546_725275-27 mark.kt-highlight, .wp-block-kadence-advancedheading.kt-adv-heading2546_725275-27[data-kb-block=\"kb-adv-heading2546_725275-27\"] mark.kt-highlight{font-style:normal;color:#f76a0c;-webkit-box-decoration-break:clone;box-decoration-break:clone;padding-top:0px;padding-right:0px;padding-bottom:0px;padding-left:0px;}.wp-block-kadence-advancedheading.kt-adv-heading2546_725275-27 img.kb-inline-image, .wp-block-kadence-advancedheading.kt-adv-heading2546_725275-27[data-kb-block=\"kb-adv-heading2546_725275-27\"] img.kb-inline-image{width:150px;vertical-align:baseline;}<\/style>\n<p class=\"kt-adv-heading2546_725275-27 wp-block-kadence-advancedheading has-theme-palette-4-color has-text-color\" data-kb-block=\"kb-adv-heading2546_725275-27\">B\u0119dziemy w kontakcie!<\/p>\n\n\n<style>.wp-block-kadence-advancedbtn.kt-btns2546_8fc793-c8, .site .entry-content .wp-block-kadence-advancedbtn.kt-btns2546_8fc793-c8, .wp-block-kadence-advancedbtn.kb-btns2546_8fc793-c8, .site .entry-content .wp-block-kadence-advancedbtn.kb-btns2546_8fc793-c8{margin-top:0px;margin-bottom:-5px;}.wp-block-kadence-advancedbtn.kb-btns2546_8fc793-c8{gap:var(--global-kb-gap-xs, 0.5rem );justify-content:center;align-items:center;}.kt-btns2546_8fc793-c8 .kt-button{font-weight:normal;font-style:normal;}<\/style>\n<div class=\"wp-block-kadence-advancedbtn kb-buttons-wrap kb-btns2546_8fc793-c8\"><style>ul.menu .wp-block-kadence-advancedbtn .kb-btn2546_0827d2-e1.kb-button{width:initial;}.wp-block-kadence-advancedbtn .kb-btn2546_0827d2-e1.kb-button{padding-top:16px;padding-bottom:16px;}<\/style><a class=\"kb-button kt-button button kb-btn2546_0827d2-e1 kt-btn-size-standard kt-btn-width-type-auto kb-btn-global-inherit  kt-btn-has-text-true kt-btn-has-svg-false  wp-block-button__link wp-block-kadence-singlebtn\" href=\"https:\/\/www.bilandergroup.com\/\"><span class=\"kt-btn-inner-text\">Powr\u00f3t na stron\u0119 g\u0142\u00f3wn\u0105<\/span><\/a><\/div>\n<\/div><\/div>\n\n<\/div><\/div>","protected":false},"excerpt":{"rendered":"<p>Dzi\u0119kujemy! Tw\u00f3j email zosta\u0142 dodany do naszej listy. B\u0119dziemy w kontakcie!<\/p>\n","protected":false},"author":2,"featured_media":0,"parent":0,"menu_order":0,"comment_status":"closed","ping_status":"closed","template":"","meta":{"_kad_post_transparent":"","_kad_post_title":"","_kad_post_layout":"","_kad_post_sidebar_id":"","_kad_post_content_style":"","_kad_post_vertical_padding":"","_kad_post_feature":"","_kad_post_feature_position":"","_kad_post_header":false,"_kad_post_footer":false,"_kad_post_classname":"","footnotes":""},"class_list":["post-2546","page","type-page","status-publish","hentry"],"yoast_head":"<!-- This site is optimized with the Yoast SEO plugin v27.4 - https:\/\/yoast.com\/product\/yoast-seo-wordpress\/ -->\n<title>Potwierdzenie - newsletter - Bilander Group - od danych do wiedzy<\/title>\n<meta name=\"robots\" content=\"index, follow, max-snippet:-1, max-image-preview:large, max-video-preview:-1\" \/>\n<link rel=\"canonical\" href=\"https:\/\/www.bilandergroup.com\/pl\/newsletter-thank-you\/\" \/>\n<meta property=\"og:locale\" content=\"pl_PL\" \/>\n<meta property=\"og:locale:alternate\" content=\"en_US\" \/>\n<meta property=\"og:type\" content=\"article\" \/>\n<meta property=\"og:title\" content=\"Potwierdzenie - newsletter - Bilander Group - od danych do wiedzy\" \/>\n<meta property=\"og:description\" content=\"Dzi\u0119kujemy! Tw\u00f3j email zosta\u0142 dodany do naszej listy. B\u0119dziemy w kontakcie!\" \/>\n<meta property=\"og:url\" content=\"https:\/\/www.bilandergroup.com\/pl\/newsletter-thank-you\/\" \/>\n<meta property=\"og:site_name\" content=\"Bilander Group - od danych do wiedzy\" \/>\n<meta property=\"article:modified_time\" content=\"2024-10-23T18:59:37+00:00\" \/>\n<meta property=\"og:image\" content=\"https:\/\/www.bilandergroup.com\/wp-content\/uploads\/2024\/08\/logo-BILANDER-2021_podstawowa_small.png\" \/>\n\t<meta property=\"og:image:width\" content=\"674\" \/>\n\t<meta property=\"og:image:height\" content=\"221\" \/>\n\t<meta property=\"og:image:type\" content=\"image\/png\" \/>\n<meta name=\"twitter:card\" content=\"summary_large_image\" \/>\n<meta name=\"twitter:label1\" content=\"Szacowany czas czytania\" \/>\n\t<meta name=\"twitter:data1\" content=\"1 minuta\" \/>\n<script type=\"application\/ld+json\" class=\"yoast-schema-graph\">{\"@context\":\"https:\\\/\\\/schema.org\",\"@graph\":[{\"@type\":\"WebPage\",\"@id\":\"https:\\\/\\\/www.bilandergroup.com\\\/pl\\\/newsletter-thank-you\\\/\",\"url\":\"https:\\\/\\\/www.bilandergroup.com\\\/pl\\\/newsletter-thank-you\\\/\",\"name\":\"Potwierdzenie - newsletter - Bilander Group - od danych do wiedzy\",\"isPartOf\":{\"@id\":\"https:\\\/\\\/www.bilandergroup.com\\\/#website\"},\"datePublished\":\"2024-10-23T18:59:36+00:00\",\"dateModified\":\"2024-10-23T18:59:37+00:00\",\"breadcrumb\":{\"@id\":\"https:\\\/\\\/www.bilandergroup.com\\\/pl\\\/newsletter-thank-you\\\/#breadcrumb\"},\"inLanguage\":\"pl-PL\",\"potentialAction\":[{\"@type\":\"ReadAction\",\"target\":[\"https:\\\/\\\/www.bilandergroup.com\\\/pl\\\/newsletter-thank-you\\\/\"]}]},{\"@type\":\"BreadcrumbList\",\"@id\":\"https:\\\/\\\/www.bilandergroup.com\\\/pl\\\/newsletter-thank-you\\\/#breadcrumb\",\"itemListElement\":[{\"@type\":\"ListItem\",\"position\":1,\"name\":\"Home\",\"item\":\"https:\\\/\\\/www.bilandergroup.com\\\/en\\\/\"},{\"@type\":\"ListItem\",\"position\":2,\"name\":\"Potwierdzenie &#8211; newsletter\"}]},{\"@type\":\"WebSite\",\"@id\":\"https:\\\/\\\/www.bilandergroup.com\\\/#website\",\"url\":\"https:\\\/\\\/www.bilandergroup.com\\\/\",\"name\":\"Bilander Group - od danych do wiedzy\",\"description\":\"Usprawniamy biznes i controlling, wdra\u017camy rozwi\u0105zania business intelligence, uwalniamy potencja\u0142 informacji.\",\"publisher\":{\"@id\":\"https:\\\/\\\/www.bilandergroup.com\\\/#organization\"},\"potentialAction\":[{\"@type\":\"SearchAction\",\"target\":{\"@type\":\"EntryPoint\",\"urlTemplate\":\"https:\\\/\\\/www.bilandergroup.com\\\/?s={search_term_string}\"},\"query-input\":{\"@type\":\"PropertyValueSpecification\",\"valueRequired\":true,\"valueName\":\"search_term_string\"}}],\"inLanguage\":\"pl-PL\"},{\"@type\":\"Organization\",\"@id\":\"https:\\\/\\\/www.bilandergroup.com\\\/#organization\",\"name\":\"Bilander Group - od danych do wiedzy\",\"url\":\"https:\\\/\\\/www.bilandergroup.com\\\/\",\"logo\":{\"@type\":\"ImageObject\",\"inLanguage\":\"pl-PL\",\"@id\":\"https:\\\/\\\/www.bilandergroup.com\\\/#\\\/schema\\\/logo\\\/image\\\/\",\"url\":\"https:\\\/\\\/www.bilandergroup.com\\\/wp-content\\\/uploads\\\/2024\\\/08\\\/cropped-logo-BILANDER-2021_podstawowa_small.png\",\"contentUrl\":\"https:\\\/\\\/www.bilandergroup.com\\\/wp-content\\\/uploads\\\/2024\\\/08\\\/cropped-logo-BILANDER-2021_podstawowa_small.png\",\"width\":622,\"height\":161,\"caption\":\"Bilander Group - od danych do wiedzy\"},\"image\":{\"@id\":\"https:\\\/\\\/www.bilandergroup.com\\\/#\\\/schema\\\/logo\\\/image\\\/\"}}]}<\/script>\n<!-- \/ Yoast SEO plugin. -->","yoast_head_json":{"title":"Potwierdzenie - newsletter - Bilander Group - od danych do wiedzy","robots":{"index":"index","follow":"follow","max-snippet":"max-snippet:-1","max-image-preview":"max-image-preview:large","max-video-preview":"max-video-preview:-1"},"canonical":"https:\/\/www.bilandergroup.com\/pl\/newsletter-thank-you\/","og_locale":"pl_PL","og_type":"article","og_title":"Potwierdzenie - newsletter - Bilander Group - od danych do wiedzy","og_description":"Dzi\u0119kujemy! Tw\u00f3j email zosta\u0142 dodany do naszej listy. B\u0119dziemy w kontakcie!","og_url":"https:\/\/www.bilandergroup.com\/pl\/newsletter-thank-you\/","og_site_name":"Bilander Group - od danych do wiedzy","article_modified_time":"2024-10-23T18:59:37+00:00","og_image":[{"width":674,"height":221,"url":"https:\/\/www.bilandergroup.com\/wp-content\/uploads\/2024\/08\/logo-BILANDER-2021_podstawowa_small.png","type":"image\/png"}],"twitter_card":"summary_large_image","twitter_misc":{"Szacowany czas czytania":"1 minuta"},"schema":{"@context":"https:\/\/schema.org","@graph":[{"@type":"WebPage","@id":"https:\/\/www.bilandergroup.com\/pl\/newsletter-thank-you\/","url":"https:\/\/www.bilandergroup.com\/pl\/newsletter-thank-you\/","name":"Potwierdzenie - newsletter - Bilander Group - od danych do wiedzy","isPartOf":{"@id":"https:\/\/www.bilandergroup.com\/#website"},"datePublished":"2024-10-23T18:59:36+00:00","dateModified":"2024-10-23T18:59:37+00:00","breadcrumb":{"@id":"https:\/\/www.bilandergroup.com\/pl\/newsletter-thank-you\/#breadcrumb"},"inLanguage":"pl-PL","potentialAction":[{"@type":"ReadAction","target":["https:\/\/www.bilandergroup.com\/pl\/newsletter-thank-you\/"]}]},{"@type":"BreadcrumbList","@id":"https:\/\/www.bilandergroup.com\/pl\/newsletter-thank-you\/#breadcrumb","itemListElement":[{"@type":"ListItem","position":1,"name":"Home","item":"https:\/\/www.bilandergroup.com\/en\/"},{"@type":"ListItem","position":2,"name":"Potwierdzenie &#8211; newsletter"}]},{"@type":"WebSite","@id":"https:\/\/www.bilandergroup.com\/#website","url":"https:\/\/www.bilandergroup.com\/","name":"Bilander Group - od danych do wiedzy","description":"Usprawniamy biznes i controlling, wdra\u017camy rozwi\u0105zania business intelligence, uwalniamy potencja\u0142 informacji.","publisher":{"@id":"https:\/\/www.bilandergroup.com\/#organization"},"potentialAction":[{"@type":"SearchAction","target":{"@type":"EntryPoint","urlTemplate":"https:\/\/www.bilandergroup.com\/?s={search_term_string}"},"query-input":{"@type":"PropertyValueSpecification","valueRequired":true,"valueName":"search_term_string"}}],"inLanguage":"pl-PL"},{"@type":"Organization","@id":"https:\/\/www.bilandergroup.com\/#organization","name":"Bilander Group - od danych do wiedzy","url":"https:\/\/www.bilandergroup.com\/","logo":{"@type":"ImageObject","inLanguage":"pl-PL","@id":"https:\/\/www.bilandergroup.com\/#\/schema\/logo\/image\/","url":"https:\/\/www.bilandergroup.com\/wp-content\/uploads\/2024\/08\/cropped-logo-BILANDER-2021_podstawowa_small.png","contentUrl":"https:\/\/www.bilandergroup.com\/wp-content\/uploads\/2024\/08\/cropped-logo-BILANDER-2021_podstawowa_small.png","width":622,"height":161,"caption":"Bilander Group - od danych do wiedzy"},"image":{"@id":"https:\/\/www.bilandergroup.com\/#\/schema\/logo\/image\/"}}]}},"_links":{"self":[{"href":"https:\/\/www.bilandergroup.com\/pl\/wp-json\/wp\/v2\/pages\/2546","targetHints":{"allow":["GET"]}}],"collection":[{"href":"https:\/\/www.bilandergroup.com\/pl\/wp-json\/wp\/v2\/pages"}],"about":[{"href":"https:\/\/www.bilandergroup.com\/pl\/wp-json\/wp\/v2\/types\/page"}],"author":[{"embeddable":true,"href":"https:\/\/www.bilandergroup.com\/pl\/wp-json\/wp\/v2\/users\/2"}],"replies":[{"embeddable":true,"href":"https:\/\/www.bilandergroup.com\/pl\/wp-json\/wp\/v2\/comments?post=2546"}],"version-history":[{"count":2,"href":"https:\/\/www.bilandergroup.com\/pl\/wp-json\/wp\/v2\/pages\/2546\/revisions"}],"predecessor-version":[{"id":2548,"href":"https:\/\/www.bilandergroup.com\/pl\/wp-json\/wp\/v2\/pages\/2546\/revisions\/2548"}],"wp:attachment":[{"href":"https:\/\/www.bilandergroup.com\/pl\/wp-json\/wp\/v2\/media?parent=2546"}],"curies":[{"name":"wp","href":"https:\/\/api.w.org\/{rel}","templated":true}]}}